{"id":13,"date":"2019-12-23T17:23:02","date_gmt":"2019-12-23T17:23:02","guid":{"rendered":"http:\/\/www.afsinyedisevin.com\/?page_id=13"},"modified":"2020-05-20T10:12:29","modified_gmt":"2020-05-20T10:12:29","slug":"iletisim","status":"publish","type":"page","link":"https:\/\/afsinyedisevin.com\/index.php\/iletisim\/","title":{"rendered":"\u0130leti\u015fim"},"content":{"rendered":"<h5><img loading=\"lazy\" decoding=\"async\" class=\"size-full wp-image-1758 aligncenter\" src=\"https:\/\/afsinyedisevin.com\/wp-content\/uploads\/2020\/05\/zzMerkez-yay\u0131n-grubu-logo-JPEGY.jpg\" alt=\"\" width=\"600\" height=\"613\" srcset=\"https:\/\/afsinyedisevin.com\/wp-content\/uploads\/2020\/05\/zzMerkez-yay\u0131n-grubu-logo-JPEGY.jpg 600w, https:\/\/afsinyedisevin.com\/wp-content\/uploads\/2020\/05\/zzMerkez-yay\u0131n-grubu-logo-JPEGY-294x300.jpg 294w\" sizes=\"auto, (max-width: 600px) 100vw, 600px\" \/><\/h5>\n<h5 style=\"text-align: center;\"><span style=\"color: #ff0000;\">ADRES:<\/span><\/h5>\n<h5 style=\"text-align: center;\"><span style=\"color: #ff0000;\">AF\u015e\u0130N MERKEZ YAYIN GRUBU<\/span><\/h5>\n<h5 style=\"text-align: center;\"><span style=\"color: #ff0000;\">Kale Mahallesi El\u00e7ibey Caddesi<\/span><\/h5>\n<h5 style=\"text-align: center;\"><span style=\"color: #ff0000;\">Arma Market Yan\u0131 Kat:1<\/span><\/h5>\n<h5 style=\"text-align: center;\"><span style=\"color: #ff0000;\">Gsm: 0 541 629 9466<\/span><\/h5>\n<h5 style=\"text-align: center;\">*<\/h5>\n<h5 style=\"text-align: center;\">afsinhabermerkezi@gmail.com<\/h5>\n<h5 style=\"text-align: center;\">personelmuduru46@hotmail.com<\/h5>\n<h5 style=\"text-align: center;\">yarpuzedebiyatdergisi@gmail.com<\/h5>\n<h5 style=\"text-align: center;\">afsinmedyacenter@gmail.com<\/h5>\n<h5 style=\"text-align: center;\">Af\u015fin\/Kahramanmara\u015f<\/h5>\n","protected":false},"excerpt":{"rendered":"<p>ADRES: AF\u015e\u0130N MERKEZ YAYIN GRUBU Kale Mahallesi El\u00e7ibey Caddesi Arma Market Yan\u0131 Kat:1 Gsm: 0 541 629 9466 * afsinhabermerkezi@gmail.com personelmuduru46@hotmail.com yarpuzedebiyatdergisi@gmail.com afsinmedyacenter@gmail.com Af\u015fin\/Kahramanmara\u015f<\/p>\n","protected":false},"author":1,"featured_media":0,"parent":0,"menu_order":0,"comment_status":"closed","ping_status":"closed","template":"","meta":{"footnotes":""},"class_list":["post-13","page","type-page","status-publish","hentry"],"jetpack_sharing_enabled":true,"_links":{"self":[{"href":"https:\/\/afsinyedisevin.com\/index.php\/wp-json\/wp\/v2\/pages\/13","targetHints":{"allow":["GET"]}}],"collection":[{"href":"https:\/\/afsinyedisevin.com\/index.php\/wp-json\/wp\/v2\/pages"}],"about":[{"href":"https:\/\/afsinyedisevin.com\/index.php\/wp-json\/wp\/v2\/types\/page"}],"author":[{"embeddable":true,"href":"https:\/\/afsinyedisevin.com\/index.php\/wp-json\/wp\/v2\/users\/1"}],"replies":[{"embeddable":true,"href":"https:\/\/afsinyedisevin.com\/index.php\/wp-json\/wp\/v2\/comments?post=13"}],"version-history":[{"count":2,"href":"https:\/\/afsinyedisevin.com\/index.php\/wp-json\/wp\/v2\/pages\/13\/revisions"}],"predecessor-version":[{"id":1761,"href":"https:\/\/afsinyedisevin.com\/index.php\/wp-json\/wp\/v2\/pages\/13\/revisions\/1761"}],"wp:attachment":[{"href":"https:\/\/afsinyedisevin.com\/index.php\/wp-json\/wp\/v2\/media?parent=13"}],"curies":[{"name":"wp","href":"https:\/\/api.w.org\/{rel}","templated":true}]}}