{"id":11,"date":"2019-12-23T17:22:55","date_gmt":"2019-12-23T17:22:55","guid":{"rendered":"http:\/\/www.afsinyedisevin.com\/?page_id=11"},"modified":"2024-08-07T15:50:32","modified_gmt":"2024-08-07T15:50:32","slug":"hakkimizda","status":"publish","type":"page","link":"https:\/\/afsinyedisevin.com\/index.php\/hakkimizda\/","title":{"rendered":"B\u0130Z K\u0130M\u0130Z"},"content":{"rendered":"<h5><img loading=\"lazy\" decoding=\"async\" class=\"size-full wp-image-1758 aligncenter\" src=\"https:\/\/afsinyedisevin.com\/wp-content\/uploads\/2020\/05\/zzMerkez-yay\u0131n-grubu-logo-JPEGY.jpg\" alt=\"\" width=\"600\" height=\"613\" srcset=\"https:\/\/afsinyedisevin.com\/wp-content\/uploads\/2020\/05\/zzMerkez-yay\u0131n-grubu-logo-JPEGY.jpg 600w, https:\/\/afsinyedisevin.com\/wp-content\/uploads\/2020\/05\/zzMerkez-yay\u0131n-grubu-logo-JPEGY-294x300.jpg 294w\" sizes=\"(max-width: 600px) 100vw, 600px\" \/><\/h5>\n<h5 style=\"text-align: center;\"><strong>Sahibi<\/strong><br \/>\n<strong>HAL\u0130L DEM\u0130R<\/strong><\/h5>\n<h5 style=\"text-align: center;\"><strong>Genel Yay\u0131n Y\u00f6netmeni<\/strong><br \/>\n<strong>S\u00dcLEYMAN \u00c7\u0130NPOLAT<\/strong><\/h5>\n<p style=\"text-align: center;\"><strong>Yay\u0131n Kurulu<\/strong><\/p>\n<p style=\"text-align: center;\"><strong>HAL\u0130L DEM\u0130R<\/strong><\/p>\n<p style=\"text-align: center;\"><strong>S\u00dcLEYMAN \u00c7\u0130NPOLAT<\/strong><\/p>\n<p style=\"text-align: center;\"><strong>SEL\u00c7UK KAYAPINAR<\/strong><\/p>\n<h5 style=\"text-align: center;\">Reklam Direkt\u00f6r\u00fc<br \/>\nafsinhabermerkezi@gmail.com<\/h5>\n<h5 style=\"text-align: center;\">0 541 629 9466<\/h5>\n<h5 style=\"text-align: center;\"><\/h5>\n<h5 style=\"text-align: justify;\"><span style=\"color: #ff0000;\">YASAL B\u0130LD\u0130R\u0130MLER:<\/span><\/h5>\n<h5 style=\"text-align: justify;\">*<span style=\"color: #ff0000;\">AF\u015e\u0130N YED\u0130SEV\u0130N HABER <\/span>\u00a0Bas\u0131n ahlak yasas\u0131na uymaya s\u00f6z vermi\u015ftir.<\/h5>\n<h5 style=\"text-align: justify;\">*<span style=\"color: #ff0000;\">AF\u015e\u0130N YED\u0130SEV\u0130N HABER<\/span><span style=\"color: #ff0000;\">&#8216;<\/span>nde yay\u0131nlanan t\u00fcm yaz\u0131lar\u0131n sorumlulu\u011fu Yazar\u0131na aittir.<\/h5>\n<h5 style=\"text-align: justify;\">*<span style=\"color: #ff0000;\">AF\u015e\u0130N YED\u0130SEV\u0130N HABER<\/span><span style=\"color: #ff0000;\">\u00a0<\/span>sadece \u0130nternet Ortam\u0131nda Haber veren bir yay\u0131n organ\u0131d\u0131r.<\/h5>\n<h5 style=\"text-align: justify;\">*<span style=\"color: #ff0000;\">AF\u015e\u0130N YED\u0130SEV\u0130N HABER<\/span><span style=\"color: #ff0000;\">\u00a0<\/span>herhangi bir Siyasi Partinin,Sivil Toplum Kurulu\u015funun yada bir Fikrin g\u00fcd\u00fcm\u00fcnde de\u011fildir,Objektiftir.<\/h5>\n<h5 style=\"text-align: justify;\">*<span style=\"color: #ff0000;\">AF\u015e\u0130N YED\u0130SEV\u0130N HABER <\/span>yay\u0131mlad\u0131\u011f\u0131 haber, g\u00f6r\u00fcnt\u00fc, foto\u011fraf ve internet ile wap i\u00e7in olu\u015fturdu\u011fu her t\u00fcrl\u00fc bilgi, \u00fccret anla\u015fmas\u0131 olmayanlar taraf\u0131ndan hi\u00e7bir \u015fekilde kullan\u0131lamaz. \u0130zin alanlar d\u0131\u015f\u0131nda \u00a0bu yay\u0131nlar \u00e7o\u011falt\u0131lamaz, ba\u015fka kurum ve kurulu\u015flara aktar\u0131lamaz. Ayk\u0131r\u0131 davrananlar hakk\u0131nda, hukuki ve cezai her t\u00fcrl\u00fc ba\u015fvuru hakk\u0131m\u0131z sakl\u0131d\u0131r.<\/h5>\n<h5 style=\"text-align: justify;\">Yazarlar\u0131n kaleme ald\u0131klar\u0131 yaz\u0131lar\u0131n t\u00fcm sorumlulu\u011fu yazar\u0131na aittir.<\/h5>\n<h5 style=\"text-align: justify;\">*<span style=\"color: #ff0000;\">AF\u015e\u0130N YED\u0130SEV\u0130N HABER <\/span><span style=\"color: #ff0000;\"><span style=\"color: #000000;\">AF\u015e\u0130N <\/span><\/span>MERKEZ YAYIN GRUBU Yay\u0131n Organ\u0131d\u0131r!<\/h5>\n<h5 style=\"text-align: justify;\">*<span style=\"color: #ff0000;\">AF\u015e\u0130N YED\u0130SEV\u0130N HABER<\/span><span style=\"color: #ff0000;\">\u00a0<\/span>Af\u015fin Esnaf ve Sanatkarlar Odas\u0131 \u00fcyesidir.<\/h5>\n<h5 style=\"text-align: justify;\">*<span style=\"color: #ff0000;\">AF\u015e\u0130N YED\u0130SEV\u0130N HABER<\/span><span style=\"color: #ff0000;\">\u00a0<\/span>Af\u015fin Esnaf Kredi ve Kefalet Kooperatifi \u00fcyesidir.<\/h5>\n<h5 style=\"text-align: justify;\">*<span style=\"color: #ff0000;\">AF\u015e\u0130N YED\u0130SEV\u0130N HABER<\/span><span style=\"color: #ff0000;\">\u00a0<\/span>\u0130nternet Yay\u0131nlar\u0131 Derne\u011fi (\u0130YAD) \u00dcyesidir.<\/h5>\n<h5 style=\"text-align: justify;\">*<span style=\"color: #ff0000;\">AF\u015e\u0130N YED\u0130SEV\u0130N HABER<\/span><span style=\"color: #ff0000;\">\u00a0<\/span>Eshab-\u0131 Kehf G\u00f6n\u00fcl El\u00e7ileri Derne\u011fi \u00dcyesidir.<\/h5>\n<h5 style=\"text-align: justify;\">*<span style=\"color: #ff0000;\">AF\u015e\u0130N YED\u0130SEV\u0130N HABER<\/span><span style=\"color: #ff0000;\">\u00a0<\/span>SANAL BASIN \u00dcyesidir.<\/h5>\n<p><iframe loading=\"lazy\" title=\"AF\u015e\u0130N HABER MERKEZ\u0130 TANITIM F\u0130LM\u0130-HAL\u0130L DEM\u0130R\" width=\"715\" height=\"402\" src=\"https:\/\/www.youtube.com\/embed\/Big6KwqIh3g?feature=oembed\" frameborder=\"0\" allow=\"accelerometer; autoplay; clipboard-write; encrypted-media; gyroscope; picture-in-picture; web-share\" referrerpolicy=\"strict-origin-when-cross-origin\" allowfullscreen><\/iframe><\/p>\n<h5 style=\"text-align: center;\"><span style=\"color: #ff0000;\">ADRES:<\/span><\/h5>\n<h5 style=\"text-align: center;\"><span style=\"color: #ff0000;\">AF\u015e\u0130N MERKEZ YAYIN GRUBU<\/span><\/h5>\n<h5 style=\"text-align: center;\"><span style=\"color: #ff0000;\">Kale Mahallesi El\u00e7ibey Caddesi<\/span><\/h5>\n<h5 style=\"text-align: center;\"><span style=\"color: #ff0000;\">Arma Market Yan\u0131 Kat:1<\/span><\/h5>\n<h5 style=\"text-align: center;\"><span style=\"color: #ff0000;\">Gsm: 0 541 629 9466<\/span><\/h5>\n<h5 style=\"text-align: center;\">*<\/h5>\n<h5 style=\"text-align: center;\">afsinhabermerkezi@gmail.com<\/h5>\n<h5 style=\"text-align: center;\">personelmuduru46@hotmail.com<\/h5>\n<h5 style=\"text-align: center;\">yarpuzedebiyatdergisi@gmail.com<\/h5>\n<h5 style=\"text-align: center;\">afsinmedyacenter@gmail.com<\/h5>\n<h5 style=\"text-align: center;\">Af\u015fin\/Kahramanmara\u015f<\/h5>\n<h5 style=\"text-align: center;\">*<\/h5>\n<h5 style=\"text-align: center;\"><span style=\"color: #ff0000;\">Af\u015fin Vergi Dairesi Numaras\u0131<\/span><\/h5>\n<h5 style=\"text-align: center;\"><span style=\"color: #ff0000;\">275 043 4431<\/span><\/h5>\n<h5 style=\"text-align: center;\">*<\/h5>\n<h5 style=\"text-align: center;\"><img decoding=\"async\" class=\"aligncenter\" src=\"http:\/\/afsinismerkezi.com\/resimler\/images\/logo.gif\" alt=\"\" \/><\/h5>\n<h5 style=\"text-align: center;\">HALK BANKASI\/AF\u015e\u0130N \u015eUBES\u0130<\/h5>\n<h5 style=\"text-align: center;\">Hesap No:1235 09102396<\/h5>\n<h5 style=\"text-align: center;\">IBAN No:TR12 0001 2001 2350 0009 1023 96<\/h5>\n<h5 style=\"text-align: center;\"><span style=\"color: #0000ff;\">*<\/span><\/h5>\n<h5 style=\"text-align: center;\"><span style=\"color: #0000ff;\">\u0130\u015e BANKASI\/AF\u015e\u0130N \u015eUBES\u0130<\/span><\/h5>\n<h5 style=\"text-align: center;\"><span style=\"color: #0000ff;\">Hesap No:6461 0372135<\/span><\/h5>\n<h5 style=\"text-align: center;\"><span style=\"color: #0000ff;\">IBAN No: TR05 0006 4000 0016 4610 3721 35<\/span><\/h5>\n<h5 style=\"text-align: center;\">*<\/h5>\n<h5 style=\"text-align: center;\">T\u00fcrkiye GAZ\u0130LER Dergisi<\/h5>\n<h5 style=\"text-align: center;\">Af\u015fin Temsilcili\u011fi<\/h5>\n<h5 style=\"text-align: center;\">*<\/h5>\n<h5 style=\"text-align: center;\"><span style=\"color: #800000;\">AK\u0130T Gazetesi<\/span><\/h5>\n<h5 style=\"text-align: center;\"><span style=\"color: #800000;\">(Muhabirlik)<\/span><\/h5>\n<p><img loading=\"lazy\" decoding=\"async\" class=\"alignnone size-full wp-image-1757\" src=\"https:\/\/afsinyedisevin.com\/wp-content\/uploads\/2020\/05\/Halil-DEM\u0130R1-scaled.jpg\" alt=\"\" width=\"2560\" height=\"2375\" srcset=\"https:\/\/afsinyedisevin.com\/wp-content\/uploads\/2020\/05\/Halil-DEM\u0130R1-scaled.jpg 2560w, https:\/\/afsinyedisevin.com\/wp-content\/uploads\/2020\/05\/Halil-DEM\u0130R1-300x278.jpg 300w, https:\/\/afsinyedisevin.com\/wp-content\/uploads\/2020\/05\/Halil-DEM\u0130R1-1024x950.jpg 1024w, https:\/\/afsinyedisevin.com\/wp-content\/uploads\/2020\/05\/Halil-DEM\u0130R1-768x712.jpg 768w, https:\/\/afsinyedisevin.com\/wp-content\/uploads\/2020\/05\/Halil-DEM\u0130R1-1536x1425.jpg 1536w, https:\/\/afsinyedisevin.com\/wp-content\/uploads\/2020\/05\/Halil-DEM\u0130R1-2048x1900.jpg 2048w\" sizes=\"(max-width: 2560px) 100vw, 2560px\" \/><\/p>\n","protected":false},"excerpt":{"rendered":"<p>Sahibi HAL\u0130L DEM\u0130R Genel Yay\u0131n Y\u00f6netmeni S\u00dcLEYMAN \u00c7\u0130NPOLAT Yay\u0131n Kurulu HAL\u0130L DEM\u0130R S\u00dcLEYMAN \u00c7\u0130NPOLAT SEL\u00c7UK KAYAPINAR Reklam Direkt\u00f6r\u00fc afsinhabermerkezi@gmail.com 0 541 629 9466 YASAL<\/p>\n","protected":false},"author":1,"featured_media":0,"parent":0,"menu_order":0,"comment_status":"closed","ping_status":"closed","template":"","meta":{"footnotes":""},"class_list":["post-11","page","type-page","status-publish","hentry"],"jetpack_sharing_enabled":true,"_links":{"self":[{"href":"https:\/\/afsinyedisevin.com\/index.php\/wp-json\/wp\/v2\/pages\/11","targetHints":{"allow":["GET"]}}],"collection":[{"href":"https:\/\/afsinyedisevin.com\/index.php\/wp-json\/wp\/v2\/pages"}],"about":[{"href":"https:\/\/afsinyedisevin.com\/index.php\/wp-json\/wp\/v2\/types\/page"}],"author":[{"embeddable":true,"href":"https:\/\/afsinyedisevin.com\/index.php\/wp-json\/wp\/v2\/users\/1"}],"replies":[{"embeddable":true,"href":"https:\/\/afsinyedisevin.com\/index.php\/wp-json\/wp\/v2\/comments?post=11"}],"version-history":[{"count":7,"href":"https:\/\/afsinyedisevin.com\/index.php\/wp-json\/wp\/v2\/pages\/11\/revisions"}],"predecessor-version":[{"id":5181,"href":"https:\/\/afsinyedisevin.com\/index.php\/wp-json\/wp\/v2\/pages\/11\/revisions\/5181"}],"wp:attachment":[{"href":"https:\/\/afsinyedisevin.com\/index.php\/wp-json\/wp\/v2\/media?parent=11"}],"curies":[{"name":"wp","href":"https:\/\/api.w.org\/{rel}","templated":true}]}}